{"id":41,"date":"2023-05-31T14:00:36","date_gmt":"2023-05-31T12:00:36","guid":{"rendered":"https:\/\/jankestransport.pl\/?page_id=41"},"modified":"2023-05-31T15:00:45","modified_gmt":"2023-05-31T13:00:45","slug":"oferta","status":"publish","type":"page","link":"https:\/\/jankestransport.pl\/?page_id=41","title":{"rendered":"Oferta"},"content":{"rendered":"\n<p>Zajmujemy si\u0119 zar\u00f3wno&nbsp;transportem krajowym, jak i mi\u0119dzynarodowym na terenie ca\u0142ej Unii Europejskiej. Transport poza granicami kraju to znacznie bardziej wymagaj\u0105ce zadanie, ni\u017c poruszanie si\u0119 po drogach krajowych. Nasi kierowcy to do\u015bwiadczona grupa specjalist\u00f3w, kt\u00f3ra przemierzy\u0142a ju\u017c tysi\u0105ce kilometr\u00f3w, przez co powierzone zlecenia wykonywane s\u0105 w spos\u00f3b efektowny i bezpieczny.&nbsp;<\/p>\n\n\n\n<p>&nbsp;&nbsp;&nbsp;&nbsp;&nbsp;&nbsp;&nbsp;&nbsp; Do naszych najwa\u017cniejszych atut\u00f3w zaliczamy, szybko\u015b\u0107 dzia\u0142ania oraz atrakcyjne ceny. Potrafimy zaspokoi\u0107 oczekiwania najbardziej wymagaj\u0105cych klient\u00f3w. Oferujemy przew\u00f3z pojazdami wyposa\u017conymi w wind\u0119 oraz paleciak, za pomoc\u0105 kt\u00f3rego jeste\u015bmy w stanie szybko oraz sprawnie za\u0142adowa\u0107 i roz\u0142adowa\u0107 \u0142adunek. Cenimy d\u0142ugotrwa\u0142\u0105 wsp\u00f3\u0142prac\u0119 i gwarantujemy sprawn\u0105 organizacj\u0119 pracy.<\/p>\n\n\n\n<p>Zajmujemy si\u0119 realizacj\u0105 przewoz\u00f3w:<\/p>\n\n\n\n<ul class=\"wp-block-list\">\n<li>ca\u0142opojazdowych;<\/li>\n\n\n\n<li>cz\u0119\u015bciowych;<\/li>\n\n\n\n<li>drobnicowych w systemie do\u0142adunk\u00f3w;<\/li>\n\n\n\n<li>dostaw ekspresowych (jednej paczki lub kilku palet).<\/li>\n<\/ul>\n\n\n\n<p>Gwarantujemy ubezpieczenie przewo\u017conego towaru.<\/p>\n\n\n\n<p>&nbsp;&nbsp;&nbsp;&nbsp;&nbsp;&nbsp;&nbsp;&nbsp; Z przyjemno\u015bci\u0105 przybli\u017cymy szczeg\u00f3\u0142y oferowanych us\u0142ug i&nbsp;zaproponujemy optymalne rozwi\u0105zania.<\/p>\n\n\n\n<p>Zapraszamy do&nbsp;kontaktu.<\/p>\n","protected":false},"excerpt":{"rendered":"<p>Zajmujemy si\u0119 zar\u00f3wno&nbsp;transportem krajowym, jak i mi\u0119dzynarodowym na terenie ca\u0142ej Unii Europejskiej. Transport poza granicami kraju to znacznie bardziej wymagaj\u0105ce zadanie, ni\u017c poruszanie si\u0119 po drogach krajowych. Nasi kierowcy to do\u015bwiadczona grupa specjalist\u00f3w, kt\u00f3ra przemierzy\u0142a ju\u017c tysi\u0105ce kilometr\u00f3w, przez co powierzone zlecenia wykonywane s\u0105 w spos\u00f3b efektowny i bezpieczny.&nbsp; &nbsp;&nbsp;&nbsp;&nbsp;&nbsp;&nbsp;&nbsp;&nbsp; Do naszych najwa\u017cniejszych atut\u00f3w zaliczamy, [&hellip;]<\/p>\n","protected":false},"author":1,"featured_media":0,"parent":0,"menu_order":0,"comment_status":"closed","ping_status":"closed","template":"","meta":{"footnotes":""},"class_list":["post-41","page","type-page","status-publish","hentry"],"_links":{"self":[{"href":"https:\/\/jankestransport.pl\/index.php?rest_route=\/wp\/v2\/pages\/41","targetHints":{"allow":["GET"]}}],"collection":[{"href":"https:\/\/jankestransport.pl\/index.php?rest_route=\/wp\/v2\/pages"}],"about":[{"href":"https:\/\/jankestransport.pl\/index.php?rest_route=\/wp\/v2\/types\/page"}],"author":[{"embeddable":true,"href":"https:\/\/jankestransport.pl\/index.php?rest_route=\/wp\/v2\/users\/1"}],"replies":[{"embeddable":true,"href":"https:\/\/jankestransport.pl\/index.php?rest_route=%2Fwp%2Fv2%2Fcomments&post=41"}],"version-history":[{"count":3,"href":"https:\/\/jankestransport.pl\/index.php?rest_route=\/wp\/v2\/pages\/41\/revisions"}],"predecessor-version":[{"id":96,"href":"https:\/\/jankestransport.pl\/index.php?rest_route=\/wp\/v2\/pages\/41\/revisions\/96"}],"wp:attachment":[{"href":"https:\/\/jankestransport.pl\/index.php?rest_route=%2Fwp%2Fv2%2Fmedia&parent=41"}],"curies":[{"name":"wp","href":"https:\/\/api.w.org\/{rel}","templated":true}]}}